{"id":2,"date":"2018-01-10T14:50:32","date_gmt":"2018-01-10T14:50:32","guid":{"rendered":"https:\/\/tomsoft.net.pl\/wordpress\/?page_id=2"},"modified":"2024-01-03T19:58:29","modified_gmt":"2024-01-03T17:58:29","slug":"contact","status":"publish","type":"page","link":"https:\/\/tomsoft.net.pl\/wordpress\/contact\/","title":{"rendered":"Kontakt"},"content":{"rendered":"<p><img loading=\"lazy\" decoding=\"async\" class=\"alignnone size-large wp-image-47\" src=\"https:\/\/tomsoft.net.pl\/wordpress\/wp-content\/uploads\/2024\/01\/TomSoft-wizyt-2-02_nowy-adres.jpg\" alt=\"\" width=\"676\" height=\"394\"><\/p>\n<h5>Formularz kontaktowy:<\/h5>\n\n<div class=\"wpcf7 no-js\" id=\"wpcf7-f38-o1\" lang=\"pl-PL\" dir=\"ltr\" data-wpcf7-id=\"38\">\n<div class=\"screen-reader-response\"><p role=\"status\" aria-live=\"polite\" aria-atomic=\"true\"><\/p> <ul><\/ul><\/div>\n<form action=\"\/wordpress\/wp-json\/wp\/v2\/pages\/2#wpcf7-f38-o1\" method=\"post\" class=\"wpcf7-form init\" aria-label=\"Formularz kontaktowy\" novalidate=\"novalidate\" data-status=\"init\">\n<fieldset class=\"hidden-fields-container\"><input type=\"hidden\" name=\"_wpcf7\" value=\"38\" \/><input type=\"hidden\" name=\"_wpcf7_version\" value=\"6.1.5\" \/><input type=\"hidden\" name=\"_wpcf7_locale\" value=\"pl_PL\" \/><input type=\"hidden\" name=\"_wpcf7_unit_tag\" value=\"wpcf7-f38-o1\" \/><input type=\"hidden\" name=\"_wpcf7_container_post\" value=\"0\" \/><input type=\"hidden\" name=\"_wpcf7_posted_data_hash\" value=\"\" \/><input type=\"hidden\" name=\"_wpcf7_recaptcha_response\" value=\"\" \/>\n<\/fieldset>\n<p><label> Imi\u0119 i nazwisko (wymagane)<br \/>\n<span class=\"wpcf7-form-control-wrap\" data-name=\"your-name\"><input size=\"40\" maxlength=\"400\" class=\"wpcf7-form-control wpcf7-text wpcf7-validates-as-required\" aria-required=\"true\" aria-invalid=\"false\" value=\"\" type=\"text\" name=\"your-name\" \/><\/span> <\/label>\n<\/p>\n<p><label> Adres email (wymagane)<br \/>\n<span class=\"wpcf7-form-control-wrap\" data-name=\"your-email\"><input size=\"40\" maxlength=\"400\" class=\"wpcf7-form-control wpcf7-email wpcf7-validates-as-required wpcf7-text wpcf7-validates-as-email\" aria-required=\"true\" aria-invalid=\"false\" value=\"\" type=\"email\" name=\"your-email\" \/><\/span> <\/label>\n<\/p>\n<p><label> Temat<br \/>\n<span class=\"wpcf7-form-control-wrap\" data-name=\"your-subject\"><input size=\"40\" maxlength=\"400\" class=\"wpcf7-form-control wpcf7-text\" aria-invalid=\"false\" value=\"\" type=\"text\" name=\"your-subject\" \/><\/span> <\/label>\n<\/p>\n<p><label> Tre\u015b\u0107 wiadomo\u015bci<br \/>\n<span class=\"wpcf7-form-control-wrap\" data-name=\"your-message\"><textarea cols=\"40\" rows=\"10\" maxlength=\"2000\" class=\"wpcf7-form-control wpcf7-textarea\" aria-invalid=\"false\" name=\"your-message\"><\/textarea><\/span> <\/label>\n<\/p>\n<p><input class=\"wpcf7-form-control wpcf7-submit has-spinner\" type=\"submit\" value=\"Wy\u015blij\" \/>\n<\/p><p style=\"display: none !important;\" class=\"akismet-fields-container\" data-prefix=\"_wpcf7_ak_\"><label>&#916;<textarea name=\"_wpcf7_ak_hp_textarea\" cols=\"45\" rows=\"8\" maxlength=\"100\"><\/textarea><\/label><input type=\"hidden\" id=\"ak_js_1\" name=\"_wpcf7_ak_js\" value=\"87\"\/><script>document.getElementById( \"ak_js_1\" ).setAttribute( \"value\", ( new Date() ).getTime() );<\/script><\/p><div class=\"wpcf7-response-output\" aria-hidden=\"true\"><\/div>\n<\/form>\n<\/div>\n\n","protected":false},"excerpt":{"rendered":"<p>Formularz kontaktowy:<\/p>\n","protected":false},"author":1,"featured_media":0,"parent":0,"menu_order":0,"comment_status":"closed","ping_status":"open","template":"","meta":{"footnotes":""},"class_list":["post-2","page","type-page","status-publish","hentry","post-preview"],"yoast_head":"<!-- This site is optimized with the Yoast SEO plugin v27.0 - https:\/\/yoast.com\/product\/yoast-seo-wordpress\/ -->\n<title>TomSoft Tomasz Litwin : Kontakt<\/title>\n<meta name=\"description\" content=\"Dane kontakowe: TomSoft Tomasz Litwin, ul. U\u0142a\u0144ska 9\/22 40-887 Katowice, NIP: 6342590203, e-mail: t.litwin@tomsoft.net.pl\" \/>\n<meta name=\"robots\" content=\"index, follow, max-snippet:-1, max-image-preview:large, max-video-preview:-1\" \/>\n<link rel=\"canonical\" href=\"https:\/\/tomsoft.net.pl\/wordpress\/contact\/\" \/>\n<meta property=\"og:locale\" content=\"pl_PL\" \/>\n<meta property=\"og:type\" content=\"article\" \/>\n<meta property=\"og:title\" content=\"TomSoft Tomasz Litwin : Kontakt\" \/>\n<meta property=\"og:description\" content=\"Dane kontakowe: TomSoft Tomasz Litwin, ul. U\u0142a\u0144ska 9\/22 40-887 Katowice, NIP: 6342590203, e-mail: t.litwin@tomsoft.net.pl\" \/>\n<meta property=\"og:url\" content=\"https:\/\/tomsoft.net.pl\/wordpress\/contact\/\" \/>\n<meta property=\"og:site_name\" content=\"TomSoft Tomasz Litwin\" \/>\n<meta property=\"article:modified_time\" content=\"2024-01-03T17:58:29+00:00\" \/>\n<meta property=\"og:image\" content=\"https:\/\/tomsoft.net.pl\/wordpress\/wp-content\/uploads\/2024\/01\/TomSoft-wizyt-2-02_nowy-adres.jpg\" \/>\n<meta name=\"twitter:card\" content=\"summary_large_image\" \/>\n<meta name=\"twitter:label1\" content=\"Szacowany czas czytania\" \/>\n\t<meta name=\"twitter:data1\" content=\"1 minute\" \/>\n<script type=\"application\/ld+json\" class=\"yoast-schema-graph\">{\"@context\":\"https:\/\/schema.org\",\"@graph\":[{\"@type\":\"WebPage\",\"@id\":\"https:\/\/tomsoft.net.pl\/wordpress\/contact\/\",\"url\":\"https:\/\/tomsoft.net.pl\/wordpress\/contact\/\",\"name\":\"TomSoft Tomasz Litwin : Kontakt\",\"isPartOf\":{\"@id\":\"http:\/\/tomsoft.net.pl\/wordpress\/#website\"},\"primaryImageOfPage\":{\"@id\":\"https:\/\/tomsoft.net.pl\/wordpress\/contact\/#primaryimage\"},\"image\":{\"@id\":\"https:\/\/tomsoft.net.pl\/wordpress\/contact\/#primaryimage\"},\"thumbnailUrl\":\"https:\/\/tomsoft.net.pl\/wordpress\/wp-content\/uploads\/2024\/01\/TomSoft-wizyt-2-02_nowy-adres.jpg\",\"datePublished\":\"2018-01-10T14:50:32+00:00\",\"dateModified\":\"2024-01-03T17:58:29+00:00\",\"description\":\"Dane kontakowe: TomSoft Tomasz Litwin, ul. U\u0142a\u0144ska 9\/22 40-887 Katowice, NIP: 6342590203, e-mail: t.litwin@tomsoft.net.pl\",\"breadcrumb\":{\"@id\":\"https:\/\/tomsoft.net.pl\/wordpress\/contact\/#breadcrumb\"},\"inLanguage\":\"pl-PL\",\"potentialAction\":[{\"@type\":\"ReadAction\",\"target\":[\"https:\/\/tomsoft.net.pl\/wordpress\/contact\/\"]}]},{\"@type\":\"ImageObject\",\"inLanguage\":\"pl-PL\",\"@id\":\"https:\/\/tomsoft.net.pl\/wordpress\/contact\/#primaryimage\",\"url\":\"https:\/\/tomsoft.net.pl\/wordpress\/wp-content\/uploads\/2024\/01\/TomSoft-wizyt-2-02_nowy-adres.jpg\",\"contentUrl\":\"https:\/\/tomsoft.net.pl\/wordpress\/wp-content\/uploads\/2024\/01\/TomSoft-wizyt-2-02_nowy-adres.jpg\",\"width\":1134,\"height\":661},{\"@type\":\"BreadcrumbList\",\"@id\":\"https:\/\/tomsoft.net.pl\/wordpress\/contact\/#breadcrumb\",\"itemListElement\":[{\"@type\":\"ListItem\",\"position\":1,\"name\":\"Strona g\u0142\u00f3wna\",\"item\":\"http:\/\/tomsoft.net.pl\/wordpress\/\"},{\"@type\":\"ListItem\",\"position\":2,\"name\":\"Kontakt\"}]},{\"@type\":\"WebSite\",\"@id\":\"http:\/\/tomsoft.net.pl\/wordpress\/#website\",\"url\":\"http:\/\/tomsoft.net.pl\/wordpress\/\",\"name\":\"TomSoft Tomasz Litwin\",\"description\":\"Embedded Systems\",\"publisher\":{\"@id\":\"http:\/\/tomsoft.net.pl\/wordpress\/#organization\"},\"potentialAction\":[{\"@type\":\"SearchAction\",\"target\":{\"@type\":\"EntryPoint\",\"urlTemplate\":\"http:\/\/tomsoft.net.pl\/wordpress\/?s={search_term_string}\"},\"query-input\":{\"@type\":\"PropertyValueSpecification\",\"valueRequired\":true,\"valueName\":\"search_term_string\"}}],\"inLanguage\":\"pl-PL\"},{\"@type\":\"Organization\",\"@id\":\"http:\/\/tomsoft.net.pl\/wordpress\/#organization\",\"name\":\"TomSoft Tomasz Litwin - Embedded Systems\",\"url\":\"http:\/\/tomsoft.net.pl\/wordpress\/\",\"logo\":{\"@type\":\"ImageObject\",\"inLanguage\":\"pl-PL\",\"@id\":\"http:\/\/tomsoft.net.pl\/wordpress\/#\/schema\/logo\/image\/\",\"url\":\"http:\/\/tomsoft.net.pl\/wordpress\/wp-content\/uploads\/2018\/01\/TomSoft-gotowe.png\",\"contentUrl\":\"http:\/\/tomsoft.net.pl\/wordpress\/wp-content\/uploads\/2018\/01\/TomSoft-gotowe.png\",\"width\":1181,\"height\":331,\"caption\":\"TomSoft Tomasz Litwin - Embedded Systems\"},\"image\":{\"@id\":\"http:\/\/tomsoft.net.pl\/wordpress\/#\/schema\/logo\/image\/\"}}]}<\/script>\n<!-- \/ Yoast SEO plugin. -->","yoast_head_json":{"title":"TomSoft Tomasz Litwin : Kontakt","description":"Dane kontakowe: TomSoft Tomasz Litwin, ul. U\u0142a\u0144ska 9\/22 40-887 Katowice, NIP: 6342590203, e-mail: t.litwin@tomsoft.net.pl","robots":{"index":"index","follow":"follow","max-snippet":"max-snippet:-1","max-image-preview":"max-image-preview:large","max-video-preview":"max-video-preview:-1"},"canonical":"https:\/\/tomsoft.net.pl\/wordpress\/contact\/","og_locale":"pl_PL","og_type":"article","og_title":"TomSoft Tomasz Litwin : Kontakt","og_description":"Dane kontakowe: TomSoft Tomasz Litwin, ul. U\u0142a\u0144ska 9\/22 40-887 Katowice, NIP: 6342590203, e-mail: t.litwin@tomsoft.net.pl","og_url":"https:\/\/tomsoft.net.pl\/wordpress\/contact\/","og_site_name":"TomSoft Tomasz Litwin","article_modified_time":"2024-01-03T17:58:29+00:00","og_image":[{"url":"https:\/\/tomsoft.net.pl\/wordpress\/wp-content\/uploads\/2024\/01\/TomSoft-wizyt-2-02_nowy-adres.jpg","type":"","width":"","height":""}],"twitter_card":"summary_large_image","twitter_misc":{"Szacowany czas czytania":"1 minute"},"schema":{"@context":"https:\/\/schema.org","@graph":[{"@type":"WebPage","@id":"https:\/\/tomsoft.net.pl\/wordpress\/contact\/","url":"https:\/\/tomsoft.net.pl\/wordpress\/contact\/","name":"TomSoft Tomasz Litwin : Kontakt","isPartOf":{"@id":"http:\/\/tomsoft.net.pl\/wordpress\/#website"},"primaryImageOfPage":{"@id":"https:\/\/tomsoft.net.pl\/wordpress\/contact\/#primaryimage"},"image":{"@id":"https:\/\/tomsoft.net.pl\/wordpress\/contact\/#primaryimage"},"thumbnailUrl":"https:\/\/tomsoft.net.pl\/wordpress\/wp-content\/uploads\/2024\/01\/TomSoft-wizyt-2-02_nowy-adres.jpg","datePublished":"2018-01-10T14:50:32+00:00","dateModified":"2024-01-03T17:58:29+00:00","description":"Dane kontakowe: TomSoft Tomasz Litwin, ul. U\u0142a\u0144ska 9\/22 40-887 Katowice, NIP: 6342590203, e-mail: t.litwin@tomsoft.net.pl","breadcrumb":{"@id":"https:\/\/tomsoft.net.pl\/wordpress\/contact\/#breadcrumb"},"inLanguage":"pl-PL","potentialAction":[{"@type":"ReadAction","target":["https:\/\/tomsoft.net.pl\/wordpress\/contact\/"]}]},{"@type":"ImageObject","inLanguage":"pl-PL","@id":"https:\/\/tomsoft.net.pl\/wordpress\/contact\/#primaryimage","url":"https:\/\/tomsoft.net.pl\/wordpress\/wp-content\/uploads\/2024\/01\/TomSoft-wizyt-2-02_nowy-adres.jpg","contentUrl":"https:\/\/tomsoft.net.pl\/wordpress\/wp-content\/uploads\/2024\/01\/TomSoft-wizyt-2-02_nowy-adres.jpg","width":1134,"height":661},{"@type":"BreadcrumbList","@id":"https:\/\/tomsoft.net.pl\/wordpress\/contact\/#breadcrumb","itemListElement":[{"@type":"ListItem","position":1,"name":"Strona g\u0142\u00f3wna","item":"http:\/\/tomsoft.net.pl\/wordpress\/"},{"@type":"ListItem","position":2,"name":"Kontakt"}]},{"@type":"WebSite","@id":"http:\/\/tomsoft.net.pl\/wordpress\/#website","url":"http:\/\/tomsoft.net.pl\/wordpress\/","name":"TomSoft Tomasz Litwin","description":"Embedded Systems","publisher":{"@id":"http:\/\/tomsoft.net.pl\/wordpress\/#organization"},"potentialAction":[{"@type":"SearchAction","target":{"@type":"EntryPoint","urlTemplate":"http:\/\/tomsoft.net.pl\/wordpress\/?s={search_term_string}"},"query-input":{"@type":"PropertyValueSpecification","valueRequired":true,"valueName":"search_term_string"}}],"inLanguage":"pl-PL"},{"@type":"Organization","@id":"http:\/\/tomsoft.net.pl\/wordpress\/#organization","name":"TomSoft Tomasz Litwin - Embedded Systems","url":"http:\/\/tomsoft.net.pl\/wordpress\/","logo":{"@type":"ImageObject","inLanguage":"pl-PL","@id":"http:\/\/tomsoft.net.pl\/wordpress\/#\/schema\/logo\/image\/","url":"http:\/\/tomsoft.net.pl\/wordpress\/wp-content\/uploads\/2018\/01\/TomSoft-gotowe.png","contentUrl":"http:\/\/tomsoft.net.pl\/wordpress\/wp-content\/uploads\/2018\/01\/TomSoft-gotowe.png","width":1181,"height":331,"caption":"TomSoft Tomasz Litwin - Embedded Systems"},"image":{"@id":"http:\/\/tomsoft.net.pl\/wordpress\/#\/schema\/logo\/image\/"}}]}},"post_mailing_queue_ids":[],"_links":{"self":[{"href":"https:\/\/tomsoft.net.pl\/wordpress\/wp-json\/wp\/v2\/pages\/2","targetHints":{"allow":["GET"]}}],"collection":[{"href":"https:\/\/tomsoft.net.pl\/wordpress\/wp-json\/wp\/v2\/pages"}],"about":[{"href":"https:\/\/tomsoft.net.pl\/wordpress\/wp-json\/wp\/v2\/types\/page"}],"author":[{"embeddable":true,"href":"https:\/\/tomsoft.net.pl\/wordpress\/wp-json\/wp\/v2\/users\/1"}],"replies":[{"embeddable":true,"href":"https:\/\/tomsoft.net.pl\/wordpress\/wp-json\/wp\/v2\/comments?post=2"}],"version-history":[{"count":9,"href":"https:\/\/tomsoft.net.pl\/wordpress\/wp-json\/wp\/v2\/pages\/2\/revisions"}],"predecessor-version":[{"id":378,"href":"https:\/\/tomsoft.net.pl\/wordpress\/wp-json\/wp\/v2\/pages\/2\/revisions\/378"}],"wp:attachment":[{"href":"https:\/\/tomsoft.net.pl\/wordpress\/wp-json\/wp\/v2\/media?parent=2"}],"curies":[{"name":"wp","href":"https:\/\/api.w.org\/{rel}","templated":true}]}}