{"id":21,"date":"2018-01-10T14:25:29","date_gmt":"2018-01-10T14:25:29","guid":{"rendered":"https:\/\/tomsoft.net.pl\/wordpress\/hestia-front\/"},"modified":"2019-06-09T22:33:23","modified_gmt":"2019-06-09T20:33:23","slug":"info","status":"publish","type":"page","link":"https:\/\/tomsoft.net.pl\/wordpress\/info\/","title":{"rendered":"O mnie"},"content":{"rendered":"            <div class=\"oxi-addons-container noLightbox oxi-image-hover-wrapper-1 \" id=\"oxi-image-hover-wrapper-1\">\n                <div class=\"oxi-addons-row\">\n                                <div class=\"oxi-image-hover-style oxi-bt-col-lg-12 oxi-bt-col-md-12 oxi-bt-col-sm-12                         \" sa-data-animation=\"fadeIn\" sa-data-animation-duration=\"5000ms\">\n                <div class=\"oxi-image-hover-style-general\">\n                    <div class=\"oxi-image-hover oxi-image-general-hover oxi-image-general-hover-style-10 oxi-image-general-hover-1-1\">\n                                                    <a  href=\"https:\/\/www.linkedin.com\/in\/tomasz-litwin-603430107\/\" target=\"_blank\">\n                                                            <div class=\"oxi-image-hover-figure top_to_bottom\">\n                                <div class=\"oxi-image-hover-image\">\n                                    <img decoding=\"async\" src=\"https:\/\/tomsoft.net.pl\/wordpress\/wp-content\/uploads\/2018\/11\/ja_wyciety.jpg\" >\n                                <\/div>\n                                <div class=\"oxi-image-hover-figure-caption\">\n                                    <div class=\"oxi-image-hover-caption-tab   image-hover-align-center-center\">\n                                        \n                                            <h3 class=\"oxi-image-hover-heading iheu-fade-up                                                                                         \">LinkedIN<\/h3>\n                                                                                            <div class=\"oxi-image-hover-content iheu-fade-up \">Click!<\/div>\n                                                                                                                        <\/div>\n                                <\/div>\n                            <\/div>\n                                                        <\/a>\n\t\t\t\t\t\t\t\t                    <\/div>\n                <\/div>\n                            <\/div>\n                            <\/div>\n            <\/div>\n\t\t\t\n<p>Zawodowo jestem freelancerem i<br \/>\nzajmuj\u0119 si\u0119 systemami Embedded dla rynku Automotive.<\/p>\n<p>Prywatnie rozwijam si\u0119 w tematach zwi\u0105zanych<br \/>\nz elektronik\u0105, w szczeg\u00f3lno\u015bci z rozwi\u0105zaniami<br \/>\nautomatyki domowej opartej na niskobud\u017cetowych<br \/>\nrozwi\u0105zaniach (Raspberry, Arduino etc.)<\/p>\n","protected":false},"excerpt":{"rendered":"<p>Zawodowo jestem freelancerem i zajmuj\u0119 si\u0119 systemami Embedded dla rynku Automotive. Prywatnie rozwijam si\u0119 w tematach zwi\u0105zanych z elektronik\u0105, w szczeg\u00f3lno\u015bci z rozwi\u0105zaniami automatyki domowej opartej na niskobud\u017cetowych rozwi\u0105zaniach (Raspberry, Arduino etc.)<\/p>\n","protected":false},"author":1,"featured_media":0,"parent":0,"menu_order":0,"comment_status":"closed","ping_status":"closed","template":"","meta":{"footnotes":""},"class_list":["post-21","page","type-page","status-publish","hentry","post-preview"],"yoast_head":"<!-- This site is optimized with the Yoast SEO plugin v27.0 - https:\/\/yoast.com\/product\/yoast-seo-wordpress\/ -->\n<title>TomSoft Tomasz Litwin: O mnie<\/title>\n<meta name=\"description\" content=\"Zawodowo jestem freelancerem izajmuj\u0119 si\u0119 systemami Embedded dla rynku Automotive. Technologie: AUTOSAR, C, Embedded, Automotive, Raspberry, Arduino\" \/>\n<meta name=\"robots\" content=\"index, follow, max-snippet:-1, max-image-preview:large, max-video-preview:-1\" \/>\n<link rel=\"canonical\" href=\"http:\/\/tomsoft.net.pl\/wordpress\/info\/\" \/>\n<meta property=\"og:locale\" content=\"pl_PL\" \/>\n<meta property=\"og:type\" content=\"article\" \/>\n<meta property=\"og:title\" content=\"TomSoft Tomasz Litwin: O mnie\" \/>\n<meta property=\"og:description\" content=\"Zawodowo jestem freelancerem izajmuj\u0119 si\u0119 systemami Embedded dla rynku Automotive. Technologie: AUTOSAR, C, Embedded, Automotive, Raspberry, Arduino\" \/>\n<meta property=\"og:url\" content=\"http:\/\/tomsoft.net.pl\/wordpress\/info\/\" \/>\n<meta property=\"og:site_name\" content=\"TomSoft Tomasz Litwin\" \/>\n<meta property=\"article:modified_time\" content=\"2019-06-09T20:33:23+00:00\" \/>\n<meta name=\"twitter:card\" content=\"summary_large_image\" \/>\n<script type=\"application\/ld+json\" class=\"yoast-schema-graph\">{\"@context\":\"https:\/\/schema.org\",\"@graph\":[{\"@type\":\"WebPage\",\"@id\":\"http:\/\/tomsoft.net.pl\/wordpress\/info\/\",\"url\":\"http:\/\/tomsoft.net.pl\/wordpress\/info\/\",\"name\":\"TomSoft Tomasz Litwin: O mnie\",\"isPartOf\":{\"@id\":\"http:\/\/tomsoft.net.pl\/wordpress\/#website\"},\"datePublished\":\"2018-01-10T14:25:29+00:00\",\"dateModified\":\"2019-06-09T20:33:23+00:00\",\"description\":\"Zawodowo jestem freelancerem izajmuj\u0119 si\u0119 systemami Embedded dla rynku Automotive. Technologie: AUTOSAR, C, Embedded, Automotive, Raspberry, Arduino\",\"breadcrumb\":{\"@id\":\"http:\/\/tomsoft.net.pl\/wordpress\/info\/#breadcrumb\"},\"inLanguage\":\"pl-PL\",\"potentialAction\":[{\"@type\":\"ReadAction\",\"target\":[\"http:\/\/tomsoft.net.pl\/wordpress\/info\/\"]}]},{\"@type\":\"BreadcrumbList\",\"@id\":\"http:\/\/tomsoft.net.pl\/wordpress\/info\/#breadcrumb\",\"itemListElement\":[{\"@type\":\"ListItem\",\"position\":1,\"name\":\"Strona g\u0142\u00f3wna\",\"item\":\"http:\/\/tomsoft.net.pl\/wordpress\/\"},{\"@type\":\"ListItem\",\"position\":2,\"name\":\"O mnie\"}]},{\"@type\":\"WebSite\",\"@id\":\"http:\/\/tomsoft.net.pl\/wordpress\/#website\",\"url\":\"http:\/\/tomsoft.net.pl\/wordpress\/\",\"name\":\"TomSoft Tomasz Litwin\",\"description\":\"Embedded Systems\",\"publisher\":{\"@id\":\"http:\/\/tomsoft.net.pl\/wordpress\/#organization\"},\"potentialAction\":[{\"@type\":\"SearchAction\",\"target\":{\"@type\":\"EntryPoint\",\"urlTemplate\":\"http:\/\/tomsoft.net.pl\/wordpress\/?s={search_term_string}\"},\"query-input\":{\"@type\":\"PropertyValueSpecification\",\"valueRequired\":true,\"valueName\":\"search_term_string\"}}],\"inLanguage\":\"pl-PL\"},{\"@type\":\"Organization\",\"@id\":\"http:\/\/tomsoft.net.pl\/wordpress\/#organization\",\"name\":\"TomSoft Tomasz Litwin - Embedded Systems\",\"url\":\"http:\/\/tomsoft.net.pl\/wordpress\/\",\"logo\":{\"@type\":\"ImageObject\",\"inLanguage\":\"pl-PL\",\"@id\":\"http:\/\/tomsoft.net.pl\/wordpress\/#\/schema\/logo\/image\/\",\"url\":\"http:\/\/tomsoft.net.pl\/wordpress\/wp-content\/uploads\/2018\/01\/TomSoft-gotowe.png\",\"contentUrl\":\"http:\/\/tomsoft.net.pl\/wordpress\/wp-content\/uploads\/2018\/01\/TomSoft-gotowe.png\",\"width\":1181,\"height\":331,\"caption\":\"TomSoft Tomasz Litwin - Embedded Systems\"},\"image\":{\"@id\":\"http:\/\/tomsoft.net.pl\/wordpress\/#\/schema\/logo\/image\/\"}}]}<\/script>\n<!-- \/ Yoast SEO plugin. -->","yoast_head_json":{"title":"TomSoft Tomasz Litwin: O mnie","description":"Zawodowo jestem freelancerem izajmuj\u0119 si\u0119 systemami Embedded dla rynku Automotive. Technologie: AUTOSAR, C, Embedded, Automotive, Raspberry, Arduino","robots":{"index":"index","follow":"follow","max-snippet":"max-snippet:-1","max-image-preview":"max-image-preview:large","max-video-preview":"max-video-preview:-1"},"canonical":"http:\/\/tomsoft.net.pl\/wordpress\/info\/","og_locale":"pl_PL","og_type":"article","og_title":"TomSoft Tomasz Litwin: O mnie","og_description":"Zawodowo jestem freelancerem izajmuj\u0119 si\u0119 systemami Embedded dla rynku Automotive. Technologie: AUTOSAR, C, Embedded, Automotive, Raspberry, Arduino","og_url":"http:\/\/tomsoft.net.pl\/wordpress\/info\/","og_site_name":"TomSoft Tomasz Litwin","article_modified_time":"2019-06-09T20:33:23+00:00","twitter_card":"summary_large_image","schema":{"@context":"https:\/\/schema.org","@graph":[{"@type":"WebPage","@id":"http:\/\/tomsoft.net.pl\/wordpress\/info\/","url":"http:\/\/tomsoft.net.pl\/wordpress\/info\/","name":"TomSoft Tomasz Litwin: O mnie","isPartOf":{"@id":"http:\/\/tomsoft.net.pl\/wordpress\/#website"},"datePublished":"2018-01-10T14:25:29+00:00","dateModified":"2019-06-09T20:33:23+00:00","description":"Zawodowo jestem freelancerem izajmuj\u0119 si\u0119 systemami Embedded dla rynku Automotive. Technologie: AUTOSAR, C, Embedded, Automotive, Raspberry, Arduino","breadcrumb":{"@id":"http:\/\/tomsoft.net.pl\/wordpress\/info\/#breadcrumb"},"inLanguage":"pl-PL","potentialAction":[{"@type":"ReadAction","target":["http:\/\/tomsoft.net.pl\/wordpress\/info\/"]}]},{"@type":"BreadcrumbList","@id":"http:\/\/tomsoft.net.pl\/wordpress\/info\/#breadcrumb","itemListElement":[{"@type":"ListItem","position":1,"name":"Strona g\u0142\u00f3wna","item":"http:\/\/tomsoft.net.pl\/wordpress\/"},{"@type":"ListItem","position":2,"name":"O mnie"}]},{"@type":"WebSite","@id":"http:\/\/tomsoft.net.pl\/wordpress\/#website","url":"http:\/\/tomsoft.net.pl\/wordpress\/","name":"TomSoft Tomasz Litwin","description":"Embedded Systems","publisher":{"@id":"http:\/\/tomsoft.net.pl\/wordpress\/#organization"},"potentialAction":[{"@type":"SearchAction","target":{"@type":"EntryPoint","urlTemplate":"http:\/\/tomsoft.net.pl\/wordpress\/?s={search_term_string}"},"query-input":{"@type":"PropertyValueSpecification","valueRequired":true,"valueName":"search_term_string"}}],"inLanguage":"pl-PL"},{"@type":"Organization","@id":"http:\/\/tomsoft.net.pl\/wordpress\/#organization","name":"TomSoft Tomasz Litwin - Embedded Systems","url":"http:\/\/tomsoft.net.pl\/wordpress\/","logo":{"@type":"ImageObject","inLanguage":"pl-PL","@id":"http:\/\/tomsoft.net.pl\/wordpress\/#\/schema\/logo\/image\/","url":"http:\/\/tomsoft.net.pl\/wordpress\/wp-content\/uploads\/2018\/01\/TomSoft-gotowe.png","contentUrl":"http:\/\/tomsoft.net.pl\/wordpress\/wp-content\/uploads\/2018\/01\/TomSoft-gotowe.png","width":1181,"height":331,"caption":"TomSoft Tomasz Litwin - Embedded Systems"},"image":{"@id":"http:\/\/tomsoft.net.pl\/wordpress\/#\/schema\/logo\/image\/"}}]}},"post_mailing_queue_ids":[],"_links":{"self":[{"href":"https:\/\/tomsoft.net.pl\/wordpress\/wp-json\/wp\/v2\/pages\/21","targetHints":{"allow":["GET"]}}],"collection":[{"href":"https:\/\/tomsoft.net.pl\/wordpress\/wp-json\/wp\/v2\/pages"}],"about":[{"href":"https:\/\/tomsoft.net.pl\/wordpress\/wp-json\/wp\/v2\/types\/page"}],"author":[{"embeddable":true,"href":"https:\/\/tomsoft.net.pl\/wordpress\/wp-json\/wp\/v2\/users\/1"}],"replies":[{"embeddable":true,"href":"https:\/\/tomsoft.net.pl\/wordpress\/wp-json\/wp\/v2\/comments?post=21"}],"version-history":[{"count":14,"href":"https:\/\/tomsoft.net.pl\/wordpress\/wp-json\/wp\/v2\/pages\/21\/revisions"}],"predecessor-version":[{"id":98,"href":"https:\/\/tomsoft.net.pl\/wordpress\/wp-json\/wp\/v2\/pages\/21\/revisions\/98"}],"wp:attachment":[{"href":"https:\/\/tomsoft.net.pl\/wordpress\/wp-json\/wp\/v2\/media?parent=21"}],"curies":[{"name":"wp","href":"https:\/\/api.w.org\/{rel}","templated":true}]}}